{"id":1101,"date":"2021-12-28T17:55:24","date_gmt":"2021-12-28T20:55:24","guid":{"rendered":"https:\/\/linobertrand.com.br\/atendimento\/?page_id=1101"},"modified":"2021-12-28T17:55:24","modified_gmt":"2021-12-28T20:55:24","slug":"codigo-de-etica-do-tarot","status":"publish","type":"page","link":"https:\/\/linobertrand.com.br\/atendimento\/codigo-de-etica-do-tarot\/","title":{"rendered":"C\u00f3digo de \u00c9tica do Tarot"},"content":{"rendered":"<div class=\"IntH1\">\n<div class=\"container\"><strong style=\"font-size: 16px;\">C\u00f3digo de \u00c9tica do Tarot e demais Or\u00e1culos<\/strong><\/div>\n<\/div>\n<section>\n<div class=\"container container_interno3\">\n<div class=\"PgTextoLivre\">\n<p>A vers\u00e3o original do C\u00f3digo \u00c9tico del Tarot (eticaytarot.com) foi redigida pela Escola Maril\u00f3 Casals e pela Escola Lemat e apresentada no 2\u00b0 Congresso de Tarot, realizado em Barcelona (Espanha), no dia 9 de mar\u00e7o de 2013. A vers\u00e3o em portugu\u00eas foi autorizada pela organiza\u00e7\u00e3o do congresso em fevereiro de 2015. Somos gratos pela oportunidade de disponibilizar este material em sintonia com os amigos hisp\u00e2nicos, pois cria-se uma unidade no discurso.<\/p>\n<p align=\"center\"><strong>O C\u00f3digo de \u00c9tica do Tarot est\u00e1 dividido em duas se\u00e7\u00f5es:<\/strong><\/p>\n<ol>\n<li>Os compromissos \u00e9ticos, em que se detalham os aspectos que configuram o c\u00f3digo de \u00e9tica em si.<\/li>\n<li>Esclarecimentos e recomenda\u00e7\u00f5es relacionadas com o c\u00f3digo de \u00e9tica, dirigidos aos profissionais de Tarot (ou de outras mancias e or\u00e1culos, se assim desejarem).<\/li>\n<\/ol>\n<p align=\"center\">&#8220;A ades\u00e3o a este c\u00f3digo \u00e9tico \u00e9 volunt\u00e1ria, mas aquele que assumir publicamente o seu uso, deve faz\u00ea-lo integralmente.&#8221;<\/p>\n<p>&nbsp;<\/p>\n<p align=\"center\"><strong>Por que \u00e9 importante dispor de um c\u00f3digo \u00e9tico?<\/strong><\/p>\n<p>O uso profissional do Tarot em aconselhamentos \u00e9 uma atividade que n\u00e3o contava com uma forma\u00e7\u00e3o homologada \u2013 tanto na interpreta\u00e7\u00e3o do or\u00e1culo quanto na condu\u00e7\u00e3o do atendimento em si. Muitos tiveram acessos a cursos e workshops, presenciais e\/ou online. Outros se desenvolveram de forma autodidata atrav\u00e9s de diferentes livros e conte\u00fados dispon\u00edveis na internet \u2013 ou atrav\u00e9s de uma \u00fanica fonte. Muitos possuem acentuadas faculdades ps\u00edquicas e t\u00eam um jeito pr\u00f3prio de acessar informa\u00e7\u00f5es e transmiti-las ao consulente. Independente dos antecedentes e da habilidade de cada um com as cartas e or\u00e1culos, o objetivo de um c\u00f3digo \u00e9tico n\u00e3o \u00e9 dizer como as pessoas devem trabalhar, mas estabelecer par\u00e2metros seguros e adequados de atua\u00e7\u00e3o, protegendo o profissional, todo aquele consulente que procura este tipo de orienta\u00e7\u00e3o e o segmento como um todo.<\/p>\n<p>&nbsp;<\/p>\n<p align=\"center\"><strong>\u00e9.ti.ca\u00a0&#8211; sf (gr ethik\u00e9)<\/strong><\/p>\n<ol>\n<li>Parte da Filosofia que estuda os valores morais e os princ\u00edpios ideais da conduta humana.<\/li>\n<\/ol>\n<ol>\n<li value=\"2\">Conjunto de princ\u00edpios morais que se devem observar no exerc\u00edcio de uma profiss\u00e3o; deontologia \u2013 ci\u00eancia do dever e da obriga\u00e7\u00e3o.<\/li>\n<\/ol>\n<ol>\n<li value=\"3\">Parte pr\u00e1tica da filosofia social, que indica as normas a que devem ajustar-se \u00e0s rela\u00e7\u00f5es entre os diversos membros da sociedade.<\/li>\n<\/ol>\n<p>&nbsp;<\/p>\n<p align=\"center\"><strong>Dec\u00e1logo<\/strong><\/p>\n<p align=\"center\"><strong>N\u00f3s orientamos, os clientes decidem:<\/strong><\/p>\n<ol>\n<li>Acreditamos no livre-arb\u00edtrio. As cartas indicam, mas n\u00e3o determinam. Quando interpretamos um jogo de Tarot ou um Or\u00e1culo, o que vemos \u00e9 como a situa\u00e7\u00e3o se apresenta no momento presente e para onde ela se encaminha. A partir deste ponto, o consulente e as pessoas envolvidas na interpreta\u00e7\u00e3o da leitura do Or\u00e1culos que escolhem\u00a0seguir este fluxo ou tra\u00e7ar outra rota.<\/li>\n<\/ol>\n<ol>\n<li value=\"2\">Informamos as op\u00e7\u00f5es, n\u00e3o tomamos as decis\u00f5es. Diante de qualquer decis\u00e3o do consulente, pontuamos as diferentes possibilidades, mas cabe \u00e0 pessoa decidir para onde deseja ir, como e quando. E, sim, devemos antecipar o que pode ser encontrado em cada um dos caminhos.<\/li>\n<\/ol>\n<ol>\n<li value=\"3\">Respeitamos as diferentes formas de pensar e de fazer as coisas. N\u00e3o julgamos. Em nenhum caso se deve emitir julgamentos internos ou externos para o consulente. Todo mundo tem suas raz\u00f5es e ningu\u00e9m \u00e9 melhor ou pior por isso. N\u00f3s n\u00e3o sabemos como ir\u00edamos agir nas mesmas circunst\u00e2ncias e com a experi\u00eancia que o outro possui.<\/li>\n<\/ol>\n<ol>\n<li value=\"4\">N\u00f3s ajudamos o consulente a descobrir e desenvolver ao m\u00e1ximo os seus potenciais. Or\u00e1culos s\u00e3o ferramentas que podem ajudar e orientar os outros muito bem nesse sentido. \u00c9 uma maneira de incentivar o potencial e os recursos que todos n\u00f3s temos e, muitas vezes, n\u00e3o reconhecemos ou n\u00e3o est\u00e3o conscientes. Quando vemos uma oportunidade em qualquer campo de experi\u00eancia (trabalho, sentimentos, dinheiro, crescimento pessoal etc.), orientamos o consulente para que ele se beneficie plenamente.<\/li>\n<\/ol>\n<ol>\n<li value=\"5\">N\u00f3s detectamos poss\u00edveis dificuldades e buscamos solu\u00e7\u00f5es de evit\u00e1-las e\/ou super\u00e1-las. Quando vemos uma dificuldade, seja ela qual for, grande ou pequena, sempre orientamos o consulente de forma positiva, sem assustar. Veremos, atrav\u00e9s das cartas, como superar ou evitar as situa\u00e7\u00f5es mais complexas e, se n\u00e3o for poss\u00edvel, descobriremos qual \u00e9 a maneira mais suave e qual o aprendizado necess\u00e1rio para concluir o processo da melhor forma poss\u00edvel. N\u00f3s nunca seremos deterministas ou negativos, pois isso iria perturbar ainda mais o consulente e piorar a situa\u00e7\u00e3o. \u00c9 nossa atribui\u00e7\u00e3o ajudar o consulente a ver outras op\u00e7\u00f5es e possibilidades.<\/li>\n<\/ol>\n<ol>\n<li value=\"6\">Utilizaremos sempre uma linguagem clara e adequada. \u00c9 muito importante o uso de uma linguagem que seja compreendida por quem ouve, concreta, sem abstra\u00e7\u00f5es ou aus\u00eancia de foco. Tamb\u00e9m devemos evitar as express\u00f5es t\u00e9cnicas (como as oriundas da astrologia ou de outros conhecimentos).<\/li>\n<\/ol>\n<p>&nbsp;<\/p>\n<p align=\"center\"><strong>Confidencialidade:<\/strong><\/p>\n<ol>\n<li>Tratamos com confidencialidade todas informa\u00e7\u00f5es que surgem em um atendimento, tanto as que recebemos do consulente quanto as orienta\u00e7\u00f5es do jogo. A pessoa que nos procura merece privacidade com rela\u00e7\u00e3o a tudo o que venha a ser discutido. Sempre adotamos sigilo profissional.<\/li>\n<\/ol>\n<ol>\n<li value=\"2\">N\u00e3o utilizamos de qualquer forma, direta ou indiretamente, as informa\u00e7\u00f5es de uma consulta para ganho pessoal.<\/li>\n<\/ol>\n<p align=\"center\"><strong>Responsabilidade:<\/strong><\/p>\n<ol>\n<li>Somente as a\u00e7\u00f5es e decis\u00f5es do consulente podem mudar o seu futuro. A \u00fanica coisa que podemos fazer (e devemos fazer da melhor forma poss\u00edvel) \u00e9 orientar. A \u00faltima palavra \u00e9 a do consulente com rela\u00e7\u00e3o ao seu trabalho pessoal. Portanto, nunca interviremos, de maneira alguma, para modificar o seu futuro, seja com magia ou lhe dizendo o que fazer.<\/li>\n<\/ol>\n<ol>\n<li value=\"2\">Teremos um pre\u00e7o previamente estabelecido, definindo o servi\u00e7o que ser\u00e1 realizado. O valor deve considerar a dura\u00e7\u00e3o da consulta, al\u00e9m da habilidade e experi\u00eancia comprovada do profissional. Informaremos claramente as caracter\u00edsticas do servi\u00e7o oferecido em nosso material de divulga\u00e7\u00e3o, a dura\u00e7\u00e3o da consulta, o seu valor e se algo a mais \u00e9 oferecido, como a grava\u00e7\u00e3o do atendimento.<\/li>\n<\/ol>\n<p>&nbsp;<\/p>\n<p>&nbsp;<\/p>\n<p align=\"center\"><strong>Autoria e responsabilidade<\/strong><\/p>\n<p>Nenhum indiv\u00edduo ou organiza\u00e7\u00e3o se coloca como titular na cria\u00e7\u00e3o da \u201cEdi\u00e7\u00e3o Brasil\u201d do C\u00f3digo de \u00c9tica do Tarot. Trata-se de uma iniciativa coletiva, de ades\u00e3o volunt\u00e1ria, com tr\u00eas refer\u00eancias eletr\u00f4nicas: site, email e p\u00e1gina no Facebook.<\/p>\n<ul>\n<li>\u00a0<strong>Site:\u00a0<\/strong><a href=\"http:\/\/www.eticatarot.wordpress.com\/\">http:\/\/www.eticatarot.wordpress.com<\/a><\/li>\n<li>\u00a0<strong>Email:\u00a0<\/strong><a href=\"mailto:eticatarot@gmail.com\">eticatarot@gmail.com<\/a><\/li>\n<li>\u00a0<strong>Facebook:\u00a0<\/strong><a href=\"http:\/\/www.facebook.com\/eticatarot\">http:\/\/www.facebook.com\/eticatarot<\/a><\/li>\n<\/ul>\n<p>Solicita\u00e7\u00f5es de altera\u00e7\u00e3o, exclus\u00e3o ou acr\u00e9scimo no presente texto dever\u00e3o ser encaminhadas e levadas \u00e0 discuss\u00e3o coletiva em espa\u00e7o, f\u00edsica ou virtual, eleita para tal e amplamente divulgado atrav\u00e9s dos canais dispon\u00edveis.<\/p>\n<p><a style=\"font-size: 16px; background-color: #ffffff;\" href=\"http:\/\/www.eticaytarot.com\/\" target=\"_blank\" rel=\"noopener\"><img decoding=\"async\" src=\"https:\/\/autoatendimento.focusesoterismo.com.br\/imagens\/codigo-etica.png\" alt=\"\" \/><\/a><\/p>\n<\/div>\n<\/div>\n<\/section>\n","protected":false},"excerpt":{"rendered":"<p>C\u00f3digo de \u00c9tica do Tarot e demais Or\u00e1culos A vers\u00e3o original do C\u00f3digo \u00c9tico del Tarot (eticaytarot.com) foi redigida pela Escola Maril\u00f3 Casals e pela Escola Lemat e apresentada no 2\u00b0 Congresso de Tarot, realizado em Barcelona (Espanha), no dia 9 de mar\u00e7o de 2013. A vers\u00e3o em portugu\u00eas foi autorizada pela organiza\u00e7\u00e3o do congresso [&hellip;]<\/p>\n","protected":false},"author":3,"featured_media":0,"parent":0,"menu_order":0,"comment_status":"closed","ping_status":"closed","template":"","meta":{"site-sidebar-layout":"default","site-content-layout":"default","ast-site-content-layout":"default","site-content-style":"default","site-sidebar-style":"default","ast-global-header-display":"","ast-banner-title-visibility":"","ast-main-header-display":"","ast-hfb-above-header-display":"","ast-hfb-below-header-display":"","ast-hfb-mobile-header-display":"","site-post-title":"","ast-breadcrumbs-content":"","ast-featured-img":"","footer-sml-layout":"","ast-disable-related-posts":"","theme-transparent-header-meta":"","adv-header-id-meta":"","stick-header-meta":"","header-above-stick-meta":"","header-main-stick-meta":"","header-below-stick-meta":"","astra-migrate-meta-layouts":"default","ast-page-background-enabled":"default","ast-page-background-meta":{"desktop":{"background-color":"","background-image":"","background-repeat":"repeat","background-position":"center center","background-size":"auto","background-attachment":"scroll","background-type":"","background-media":"","overlay-type":"","overlay-color":"","overlay-opacity":"","overlay-gradient":""},"tablet":{"background-color":"","background-image":"","background-repeat":"repeat","background-position":"center center","background-size":"auto","background-attachment":"scroll","background-type":"","background-media":"","overlay-type":"","overlay-color":"","overlay-opacity":"","overlay-gradient":""},"mobile":{"background-color":"","background-image":"","background-repeat":"repeat","background-position":"center center","background-size":"auto","background-attachment":"scroll","background-type":"","background-media":"","overlay-type":"","overlay-color":"","overlay-opacity":"","overlay-gradient":""}},"ast-content-background-meta":{"desktop":{"background-color":"var(--ast-global-color-5)","background-image":"","background-repeat":"repeat","background-position":"center center","background-size":"auto","background-attachment":"scroll","background-type":"","background-media":"","overlay-type":"","overlay-color":"","overlay-opacity":"","overlay-gradient":""},"tablet":{"background-color":"var(--ast-global-color-5)","background-image":"","background-repeat":"repeat","background-position":"center center","background-size":"auto","background-attachment":"scroll","background-type":"","background-media":"","overlay-type":"","overlay-color":"","overlay-opacity":"","overlay-gradient":""},"mobile":{"background-color":"var(--ast-global-color-5)","background-image":"","background-repeat":"repeat","background-position":"center center","background-size":"auto","background-attachment":"scroll","background-type":"","background-media":"","overlay-type":"","overlay-color":"","overlay-opacity":"","overlay-gradient":""}},"_joinchat":[],"footnotes":""},"class_list":["post-1101","page","type-page","status-publish","hentry"],"yoast_head":"<!-- This site is optimized with the Yoast SEO plugin v27.1.1 - https:\/\/yoast.com\/product\/yoast-seo-wordpress\/ -->\n<title>C\u00f3digo de \u00c9tica do Tarot - Lino Bertrand<\/title>\n<meta name=\"robots\" content=\"index, follow, max-snippet:-1, max-image-preview:large, max-video-preview:-1\" \/>\n<link rel=\"canonical\" href=\"https:\/\/linobertrand.com.br\/atendimento\/codigo-de-etica-do-tarot\/\" \/>\n<meta property=\"og:locale\" content=\"pt_BR\" \/>\n<meta property=\"og:type\" content=\"article\" \/>\n<meta property=\"og:title\" content=\"C\u00f3digo de \u00c9tica do Tarot - Lino Bertrand\" \/>\n<meta property=\"og:description\" content=\"C\u00f3digo de \u00c9tica do Tarot e demais Or\u00e1culos A vers\u00e3o original do C\u00f3digo \u00c9tico del Tarot (eticaytarot.com) foi redigida pela Escola Maril\u00f3 Casals e pela Escola Lemat e apresentada no 2\u00b0 Congresso de Tarot, realizado em Barcelona (Espanha), no dia 9 de mar\u00e7o de 2013. A vers\u00e3o em portugu\u00eas foi autorizada pela organiza\u00e7\u00e3o do congresso [&hellip;]\" \/>\n<meta property=\"og:url\" content=\"https:\/\/linobertrand.com.br\/atendimento\/codigo-de-etica-do-tarot\/\" \/>\n<meta property=\"og:site_name\" content=\"Lino Bertrand\" \/>\n<meta property=\"og:image\" content=\"https:\/\/autoatendimento.focusesoterismo.com.br\/imagens\/codigo-etica.png\" \/>\n<meta name=\"twitter:card\" content=\"summary_large_image\" \/>\n<meta name=\"twitter:label1\" content=\"Est. tempo de leitura\" \/>\n\t<meta name=\"twitter:data1\" content=\"6 minutos\" \/>\n<script type=\"application\/ld+json\" class=\"yoast-schema-graph\">{\"@context\":\"https:\/\/schema.org\",\"@graph\":[{\"@type\":\"WebPage\",\"@id\":\"https:\/\/linobertrand.com.br\/atendimento\/codigo-de-etica-do-tarot\/\",\"url\":\"https:\/\/linobertrand.com.br\/atendimento\/codigo-de-etica-do-tarot\/\",\"name\":\"C\u00f3digo de \u00c9tica do Tarot - Lino Bertrand\",\"isPartOf\":{\"@id\":\"https:\/\/linobertrand.com.br\/atendimento\/#website\"},\"primaryImageOfPage\":{\"@id\":\"https:\/\/linobertrand.com.br\/atendimento\/codigo-de-etica-do-tarot\/#primaryimage\"},\"image\":{\"@id\":\"https:\/\/linobertrand.com.br\/atendimento\/codigo-de-etica-do-tarot\/#primaryimage\"},\"thumbnailUrl\":\"https:\/\/autoatendimento.focusesoterismo.com.br\/imagens\/codigo-etica.png\",\"datePublished\":\"2021-12-28T20:55:24+00:00\",\"breadcrumb\":{\"@id\":\"https:\/\/linobertrand.com.br\/atendimento\/codigo-de-etica-do-tarot\/#breadcrumb\"},\"inLanguage\":\"pt-BR\",\"potentialAction\":[{\"@type\":\"ReadAction\",\"target\":[\"https:\/\/linobertrand.com.br\/atendimento\/codigo-de-etica-do-tarot\/\"]}]},{\"@type\":\"ImageObject\",\"inLanguage\":\"pt-BR\",\"@id\":\"https:\/\/linobertrand.com.br\/atendimento\/codigo-de-etica-do-tarot\/#primaryimage\",\"url\":\"https:\/\/autoatendimento.focusesoterismo.com.br\/imagens\/codigo-etica.png\",\"contentUrl\":\"https:\/\/autoatendimento.focusesoterismo.com.br\/imagens\/codigo-etica.png\"},{\"@type\":\"BreadcrumbList\",\"@id\":\"https:\/\/linobertrand.com.br\/atendimento\/codigo-de-etica-do-tarot\/#breadcrumb\",\"itemListElement\":[{\"@type\":\"ListItem\",\"position\":1,\"name\":\"Home\",\"item\":\"https:\/\/linobertrand.com.br\/atendimento\/\"},{\"@type\":\"ListItem\",\"position\":2,\"name\":\"C\u00f3digo de \u00c9tica do Tarot\"}]},{\"@type\":\"WebSite\",\"@id\":\"https:\/\/linobertrand.com.br\/atendimento\/#website\",\"url\":\"https:\/\/linobertrand.com.br\/atendimento\/\",\"name\":\"Lino Bertrand\",\"description\":\"Atendimentos\",\"publisher\":{\"@id\":\"https:\/\/linobertrand.com.br\/atendimento\/#organization\"},\"potentialAction\":[{\"@type\":\"SearchAction\",\"target\":{\"@type\":\"EntryPoint\",\"urlTemplate\":\"https:\/\/linobertrand.com.br\/atendimento\/?s={search_term_string}\"},\"query-input\":{\"@type\":\"PropertyValueSpecification\",\"valueRequired\":true,\"valueName\":\"search_term_string\"}}],\"inLanguage\":\"pt-BR\"},{\"@type\":\"Organization\",\"@id\":\"https:\/\/linobertrand.com.br\/atendimento\/#organization\",\"name\":\"Lino Bertrand\",\"url\":\"https:\/\/linobertrand.com.br\/atendimento\/\",\"logo\":{\"@type\":\"ImageObject\",\"inLanguage\":\"pt-BR\",\"@id\":\"https:\/\/linobertrand.com.br\/atendimento\/#\/schema\/logo\/image\/\",\"url\":\"https:\/\/linobertrand.com.br\/atendimento\/wp-content\/uploads\/2025\/12\/cropped-LOGO-LINO-1-1.webp\",\"contentUrl\":\"https:\/\/linobertrand.com.br\/atendimento\/wp-content\/uploads\/2025\/12\/cropped-LOGO-LINO-1-1.webp\",\"width\":500,\"height\":500,\"caption\":\"Lino Bertrand\"},\"image\":{\"@id\":\"https:\/\/linobertrand.com.br\/atendimento\/#\/schema\/logo\/image\/\"}}]}<\/script>\n<!-- \/ Yoast SEO plugin. -->","yoast_head_json":{"title":"C\u00f3digo de \u00c9tica do Tarot - Lino Bertrand","robots":{"index":"index","follow":"follow","max-snippet":"max-snippet:-1","max-image-preview":"max-image-preview:large","max-video-preview":"max-video-preview:-1"},"canonical":"https:\/\/linobertrand.com.br\/atendimento\/codigo-de-etica-do-tarot\/","og_locale":"pt_BR","og_type":"article","og_title":"C\u00f3digo de \u00c9tica do Tarot - Lino Bertrand","og_description":"C\u00f3digo de \u00c9tica do Tarot e demais Or\u00e1culos A vers\u00e3o original do C\u00f3digo \u00c9tico del Tarot (eticaytarot.com) foi redigida pela Escola Maril\u00f3 Casals e pela Escola Lemat e apresentada no 2\u00b0 Congresso de Tarot, realizado em Barcelona (Espanha), no dia 9 de mar\u00e7o de 2013. A vers\u00e3o em portugu\u00eas foi autorizada pela organiza\u00e7\u00e3o do congresso [&hellip;]","og_url":"https:\/\/linobertrand.com.br\/atendimento\/codigo-de-etica-do-tarot\/","og_site_name":"Lino Bertrand","og_image":[{"url":"https:\/\/autoatendimento.focusesoterismo.com.br\/imagens\/codigo-etica.png","type":"","width":"","height":""}],"twitter_card":"summary_large_image","twitter_misc":{"Est. tempo de leitura":"6 minutos"},"schema":{"@context":"https:\/\/schema.org","@graph":[{"@type":"WebPage","@id":"https:\/\/linobertrand.com.br\/atendimento\/codigo-de-etica-do-tarot\/","url":"https:\/\/linobertrand.com.br\/atendimento\/codigo-de-etica-do-tarot\/","name":"C\u00f3digo de \u00c9tica do Tarot - Lino Bertrand","isPartOf":{"@id":"https:\/\/linobertrand.com.br\/atendimento\/#website"},"primaryImageOfPage":{"@id":"https:\/\/linobertrand.com.br\/atendimento\/codigo-de-etica-do-tarot\/#primaryimage"},"image":{"@id":"https:\/\/linobertrand.com.br\/atendimento\/codigo-de-etica-do-tarot\/#primaryimage"},"thumbnailUrl":"https:\/\/autoatendimento.focusesoterismo.com.br\/imagens\/codigo-etica.png","datePublished":"2021-12-28T20:55:24+00:00","breadcrumb":{"@id":"https:\/\/linobertrand.com.br\/atendimento\/codigo-de-etica-do-tarot\/#breadcrumb"},"inLanguage":"pt-BR","potentialAction":[{"@type":"ReadAction","target":["https:\/\/linobertrand.com.br\/atendimento\/codigo-de-etica-do-tarot\/"]}]},{"@type":"ImageObject","inLanguage":"pt-BR","@id":"https:\/\/linobertrand.com.br\/atendimento\/codigo-de-etica-do-tarot\/#primaryimage","url":"https:\/\/autoatendimento.focusesoterismo.com.br\/imagens\/codigo-etica.png","contentUrl":"https:\/\/autoatendimento.focusesoterismo.com.br\/imagens\/codigo-etica.png"},{"@type":"BreadcrumbList","@id":"https:\/\/linobertrand.com.br\/atendimento\/codigo-de-etica-do-tarot\/#breadcrumb","itemListElement":[{"@type":"ListItem","position":1,"name":"Home","item":"https:\/\/linobertrand.com.br\/atendimento\/"},{"@type":"ListItem","position":2,"name":"C\u00f3digo de \u00c9tica do Tarot"}]},{"@type":"WebSite","@id":"https:\/\/linobertrand.com.br\/atendimento\/#website","url":"https:\/\/linobertrand.com.br\/atendimento\/","name":"Lino Bertrand","description":"Atendimentos","publisher":{"@id":"https:\/\/linobertrand.com.br\/atendimento\/#organization"},"potentialAction":[{"@type":"SearchAction","target":{"@type":"EntryPoint","urlTemplate":"https:\/\/linobertrand.com.br\/atendimento\/?s={search_term_string}"},"query-input":{"@type":"PropertyValueSpecification","valueRequired":true,"valueName":"search_term_string"}}],"inLanguage":"pt-BR"},{"@type":"Organization","@id":"https:\/\/linobertrand.com.br\/atendimento\/#organization","name":"Lino Bertrand","url":"https:\/\/linobertrand.com.br\/atendimento\/","logo":{"@type":"ImageObject","inLanguage":"pt-BR","@id":"https:\/\/linobertrand.com.br\/atendimento\/#\/schema\/logo\/image\/","url":"https:\/\/linobertrand.com.br\/atendimento\/wp-content\/uploads\/2025\/12\/cropped-LOGO-LINO-1-1.webp","contentUrl":"https:\/\/linobertrand.com.br\/atendimento\/wp-content\/uploads\/2025\/12\/cropped-LOGO-LINO-1-1.webp","width":500,"height":500,"caption":"Lino Bertrand"},"image":{"@id":"https:\/\/linobertrand.com.br\/atendimento\/#\/schema\/logo\/image\/"}}]}},"_links":{"self":[{"href":"https:\/\/linobertrand.com.br\/atendimento\/wp-json\/wp\/v2\/pages\/1101","targetHints":{"allow":["GET"]}}],"collection":[{"href":"https:\/\/linobertrand.com.br\/atendimento\/wp-json\/wp\/v2\/pages"}],"about":[{"href":"https:\/\/linobertrand.com.br\/atendimento\/wp-json\/wp\/v2\/types\/page"}],"author":[{"embeddable":true,"href":"https:\/\/linobertrand.com.br\/atendimento\/wp-json\/wp\/v2\/users\/3"}],"replies":[{"embeddable":true,"href":"https:\/\/linobertrand.com.br\/atendimento\/wp-json\/wp\/v2\/comments?post=1101"}],"version-history":[{"count":1,"href":"https:\/\/linobertrand.com.br\/atendimento\/wp-json\/wp\/v2\/pages\/1101\/revisions"}],"predecessor-version":[{"id":1102,"href":"https:\/\/linobertrand.com.br\/atendimento\/wp-json\/wp\/v2\/pages\/1101\/revisions\/1102"}],"wp:attachment":[{"href":"https:\/\/linobertrand.com.br\/atendimento\/wp-json\/wp\/v2\/media?parent=1101"}],"curies":[{"name":"wp","href":"https:\/\/api.w.org\/{rel}","templated":true}]}}