{"id":2042,"date":"2022-01-05T15:12:26","date_gmt":"2022-01-05T18:12:26","guid":{"rendered":"https:\/\/linobertrand.com.br\/atendimento\/?page_id=2042"},"modified":"2022-01-20T08:25:29","modified_gmt":"2022-01-20T11:25:29","slug":"terapia","status":"publish","type":"page","link":"https:\/\/linobertrand.com.br\/atendimento\/terapia\/","title":{"rendered":"Terapia"},"content":{"rendered":"<p>O nosso processo terap\u00eautico tem como base a psicologia anal\u00edtica de Carl Gustav Jung e pode ser elaborado de diversas formas. Aqui voc\u00ea poder\u00e1 escolher o seu processo entre Terapia Junguiana, An\u00e1lise de Sonhos, Arteterapia e algo muito especial, os atendimentos com o processo exclusivo Abundance Way. Com a terapia, ser\u00e1 poss\u00edvel aprofundar em si mesmo em suas quest\u00f5es para que possa entrar no seu processo de individua\u00e7\u00e3o .<\/p>\n<p class=\"font_7\">Voc\u00ea poder\u00e1 marcar sua consulta com Psicoterapeuta Junguiano Lino Bertrand, professor, diretor e coordenador de cursos e eventos do <a href=\"https:\/\/www.jungnapratica.com.br\/\">Jung na Pr\u00e1tica.<\/a><\/p>\n<p class=\"font_7\">Numa consulta com dura\u00e7\u00e3o aproximada de 90 minutos ser\u00e3o dadas informa\u00e7\u00f5es importantes para seu desenvolvimento pessoal e orienta\u00e7\u00f5es para utilizar da maneira mais adequada as tend\u00eancias e possibilidades futuras atrav\u00e9s de t\u00e9cnicas especiais, possibilitando tirar o m\u00e1ximo proveito dos momentos favor\u00e1veis e administrar os per\u00edodos dif\u00edceis.<\/p>\n<p><strong>ATENDIMENTOS:<\/strong><br \/>\nOs Atendimentos tem como base a psicologia anal\u00edtica de Carl Gustav Jung e podem ser realizadas de forma presencial ou online.<\/p>\n<p><img decoding=\"async\" class=\"size-full wp-image-2051 alignleft\" src=\"https:\/\/linobertrand.com.br\/atendimento\/wp-content\/uploads\/2022\/01\/atendimento-presencial.webp\" alt=\"\" width=\"168\" height=\"168\" srcset=\"https:\/\/linobertrand.com.br\/atendimento\/wp-content\/uploads\/2022\/01\/atendimento-presencial.webp 168w, https:\/\/linobertrand.com.br\/atendimento\/wp-content\/uploads\/2022\/01\/atendimento-presencial-150x150.webp 150w\" sizes=\"(max-width: 168px) 100vw, 168px\" \/><\/p>\n<p class=\"font_7\"><strong>ATENDIMENTO PRESENCIAL<\/strong><\/p>\n<p class=\"font_7\">A consulta \u00e9 realizada sempre com hora marcada, com dura\u00e7\u00e3o aproximada de <strong>90 minutos<\/strong>, realizadas em Piracicaba, Campinas e S\u00e3o Paulo. Envie uma mensagem para o <strong>Whatsapp +55 19 997710717<\/strong> e marque sua consulta.<\/p>\n<p>&nbsp;<\/p>\n<p><img decoding=\"async\" class=\"size-full wp-image-2050 alignleft\" src=\"https:\/\/linobertrand.com.br\/atendimento\/wp-content\/uploads\/2022\/01\/atendimento-online.webp\" alt=\"\" width=\"168\" height=\"168\" srcset=\"https:\/\/linobertrand.com.br\/atendimento\/wp-content\/uploads\/2022\/01\/atendimento-online.webp 168w, https:\/\/linobertrand.com.br\/atendimento\/wp-content\/uploads\/2022\/01\/atendimento-online-150x150.webp 150w\" sizes=\"(max-width: 168px) 100vw, 168px\" \/><strong>ATENDIMENTO ONLINE<\/strong><\/p>\n<p>Oferecemos atendimentos online, o que facilita a consulta de qualquer lugar onde o cliente tenha acesso a um computador ou celular. Os atendimentos s\u00e3o realizados <strong>pelo Skype \u00ae ou pelo Zoom \u00ae<\/strong>, bastando para isso marcar sua consulta por email ou telefone. <a href=\"https:\/\/linobertrand.com.br\/atendimento\/atendimento-online\/\" target=\"_self\" rel=\"noopener\"><span class=\"color_21\">Saiba mais detalhes sobre o atendimento online.<\/span><\/a><\/p>\n<p>&nbsp;<\/p>\n<p><strong>MARQUE SUA CONSULTA PRESENCIAL OU ONLINE<\/strong><br \/>\nWhatsapp.: +55 19 997710717<\/p>\n<p>Voc\u00ea tamb\u00e9m poder\u00e1 realizar atendimentos atrav\u00e9s de outras t\u00e9cnicas e artes divinat\u00f3rias, <a href=\"https:\/\/linobertrand.com.br\/atendimento\/atendimentos\/\">veja mais aqui!<\/a><\/p>\n","protected":false},"excerpt":{"rendered":"<p>O nosso processo terap\u00eautico tem como base a psicologia anal\u00edtica de Carl Gustav Jung e pode ser elaborado de diversas formas. Aqui voc\u00ea poder\u00e1 escolher o seu processo entre Terapia Junguiana, An\u00e1lise de Sonhos, Arteterapia e algo muito especial, os atendimentos com o processo exclusivo Abundance Way. Com a terapia, ser\u00e1 poss\u00edvel aprofundar em si [&hellip;]<\/p>\n","protected":false},"author":3,"featured_media":0,"parent":0,"menu_order":0,"comment_status":"closed","ping_status":"closed","template":"","meta":{"site-sidebar-layout":"default","site-content-layout":"default","ast-site-content-layout":"default","site-content-style":"default","site-sidebar-style":"default","ast-global-header-display":"","ast-banner-title-visibility":"","ast-main-header-display":"","ast-hfb-above-header-display":"","ast-hfb-below-header-display":"","ast-hfb-mobile-header-display":"","site-post-title":"","ast-breadcrumbs-content":"","ast-featured-img":"","footer-sml-layout":"","ast-disable-related-posts":"","theme-transparent-header-meta":"","adv-header-id-meta":"","stick-header-meta":"","header-above-stick-meta":"","header-main-stick-meta":"","header-below-stick-meta":"","astra-migrate-meta-layouts":"default","ast-page-background-enabled":"default","ast-page-background-meta":{"desktop":{"background-color":"","background-image":"","background-repeat":"repeat","background-position":"center center","background-size":"auto","background-attachment":"scroll","background-type":"","background-media":"","overlay-type":"","overlay-color":"","overlay-opacity":"","overlay-gradient":""},"tablet":{"background-color":"","background-image":"","background-repeat":"repeat","background-position":"center center","background-size":"auto","background-attachment":"scroll","background-type":"","background-media":"","overlay-type":"","overlay-color":"","overlay-opacity":"","overlay-gradient":""},"mobile":{"background-color":"","background-image":"","background-repeat":"repeat","background-position":"center center","background-size":"auto","background-attachment":"scroll","background-type":"","background-media":"","overlay-type":"","overlay-color":"","overlay-opacity":"","overlay-gradient":""}},"ast-content-background-meta":{"desktop":{"background-color":"var(--ast-global-color-5)","background-image":"","background-repeat":"repeat","background-position":"center center","background-size":"auto","background-attachment":"scroll","background-type":"","background-media":"","overlay-type":"","overlay-color":"","overlay-opacity":"","overlay-gradient":""},"tablet":{"background-color":"var(--ast-global-color-5)","background-image":"","background-repeat":"repeat","background-position":"center center","background-size":"auto","background-attachment":"scroll","background-type":"","background-media":"","overlay-type":"","overlay-color":"","overlay-opacity":"","overlay-gradient":""},"mobile":{"background-color":"var(--ast-global-color-5)","background-image":"","background-repeat":"repeat","background-position":"center center","background-size":"auto","background-attachment":"scroll","background-type":"","background-media":"","overlay-type":"","overlay-color":"","overlay-opacity":"","overlay-gradient":""}},"_joinchat":[],"footnotes":""},"class_list":["post-2042","page","type-page","status-publish","hentry"],"yoast_head":"<!-- This site is optimized with the Yoast SEO plugin v27.1.1 - https:\/\/yoast.com\/product\/yoast-seo-wordpress\/ -->\n<title>Terapia - Lino Bertrand<\/title>\n<meta name=\"robots\" content=\"index, follow, max-snippet:-1, max-image-preview:large, max-video-preview:-1\" \/>\n<link rel=\"canonical\" href=\"https:\/\/linobertrand.com.br\/atendimento\/terapia\/\" \/>\n<meta property=\"og:locale\" content=\"pt_BR\" \/>\n<meta property=\"og:type\" content=\"article\" \/>\n<meta property=\"og:title\" content=\"Terapia - Lino Bertrand\" \/>\n<meta property=\"og:description\" content=\"O nosso processo terap\u00eautico tem como base a psicologia anal\u00edtica de Carl Gustav Jung e pode ser elaborado de diversas formas. Aqui voc\u00ea poder\u00e1 escolher o seu processo entre Terapia Junguiana, An\u00e1lise de Sonhos, Arteterapia e algo muito especial, os atendimentos com o processo exclusivo Abundance Way. Com a terapia, ser\u00e1 poss\u00edvel aprofundar em si [&hellip;]\" \/>\n<meta property=\"og:url\" content=\"https:\/\/linobertrand.com.br\/atendimento\/terapia\/\" \/>\n<meta property=\"og:site_name\" content=\"Lino Bertrand\" \/>\n<meta property=\"article:modified_time\" content=\"2022-01-20T11:25:29+00:00\" \/>\n<meta property=\"og:image\" content=\"https:\/\/linobertrand.com.br\/atendimento\/wp-content\/uploads\/2022\/01\/atendimento-presencial.webp\" \/>\n<meta name=\"twitter:card\" content=\"summary_large_image\" \/>\n<meta name=\"twitter:label1\" content=\"Est. tempo de leitura\" \/>\n\t<meta name=\"twitter:data1\" content=\"2 minutos\" \/>\n<script type=\"application\/ld+json\" class=\"yoast-schema-graph\">{\"@context\":\"https:\/\/schema.org\",\"@graph\":[{\"@type\":\"WebPage\",\"@id\":\"https:\/\/linobertrand.com.br\/atendimento\/terapia\/\",\"url\":\"https:\/\/linobertrand.com.br\/atendimento\/terapia\/\",\"name\":\"Terapia - Lino Bertrand\",\"isPartOf\":{\"@id\":\"https:\/\/linobertrand.com.br\/atendimento\/#website\"},\"primaryImageOfPage\":{\"@id\":\"https:\/\/linobertrand.com.br\/atendimento\/terapia\/#primaryimage\"},\"image\":{\"@id\":\"https:\/\/linobertrand.com.br\/atendimento\/terapia\/#primaryimage\"},\"thumbnailUrl\":\"https:\/\/linobertrand.com.br\/atendimento\/wp-content\/uploads\/2022\/01\/atendimento-presencial.webp\",\"datePublished\":\"2022-01-05T18:12:26+00:00\",\"dateModified\":\"2022-01-20T11:25:29+00:00\",\"breadcrumb\":{\"@id\":\"https:\/\/linobertrand.com.br\/atendimento\/terapia\/#breadcrumb\"},\"inLanguage\":\"pt-BR\",\"potentialAction\":[{\"@type\":\"ReadAction\",\"target\":[\"https:\/\/linobertrand.com.br\/atendimento\/terapia\/\"]}]},{\"@type\":\"ImageObject\",\"inLanguage\":\"pt-BR\",\"@id\":\"https:\/\/linobertrand.com.br\/atendimento\/terapia\/#primaryimage\",\"url\":\"https:\/\/linobertrand.com.br\/atendimento\/wp-content\/uploads\/2022\/01\/atendimento-presencial.webp\",\"contentUrl\":\"https:\/\/linobertrand.com.br\/atendimento\/wp-content\/uploads\/2022\/01\/atendimento-presencial.webp\",\"width\":168,\"height\":168},{\"@type\":\"BreadcrumbList\",\"@id\":\"https:\/\/linobertrand.com.br\/atendimento\/terapia\/#breadcrumb\",\"itemListElement\":[{\"@type\":\"ListItem\",\"position\":1,\"name\":\"Home\",\"item\":\"https:\/\/linobertrand.com.br\/atendimento\/\"},{\"@type\":\"ListItem\",\"position\":2,\"name\":\"Terapia\"}]},{\"@type\":\"WebSite\",\"@id\":\"https:\/\/linobertrand.com.br\/atendimento\/#website\",\"url\":\"https:\/\/linobertrand.com.br\/atendimento\/\",\"name\":\"Lino Bertrand\",\"description\":\"Atendimentos\",\"publisher\":{\"@id\":\"https:\/\/linobertrand.com.br\/atendimento\/#organization\"},\"potentialAction\":[{\"@type\":\"SearchAction\",\"target\":{\"@type\":\"EntryPoint\",\"urlTemplate\":\"https:\/\/linobertrand.com.br\/atendimento\/?s={search_term_string}\"},\"query-input\":{\"@type\":\"PropertyValueSpecification\",\"valueRequired\":true,\"valueName\":\"search_term_string\"}}],\"inLanguage\":\"pt-BR\"},{\"@type\":\"Organization\",\"@id\":\"https:\/\/linobertrand.com.br\/atendimento\/#organization\",\"name\":\"Lino Bertrand\",\"url\":\"https:\/\/linobertrand.com.br\/atendimento\/\",\"logo\":{\"@type\":\"ImageObject\",\"inLanguage\":\"pt-BR\",\"@id\":\"https:\/\/linobertrand.com.br\/atendimento\/#\/schema\/logo\/image\/\",\"url\":\"https:\/\/linobertrand.com.br\/atendimento\/wp-content\/uploads\/2025\/12\/cropped-LOGO-LINO-1-1.webp\",\"contentUrl\":\"https:\/\/linobertrand.com.br\/atendimento\/wp-content\/uploads\/2025\/12\/cropped-LOGO-LINO-1-1.webp\",\"width\":500,\"height\":500,\"caption\":\"Lino Bertrand\"},\"image\":{\"@id\":\"https:\/\/linobertrand.com.br\/atendimento\/#\/schema\/logo\/image\/\"}}]}<\/script>\n<!-- \/ Yoast SEO plugin. -->","yoast_head_json":{"title":"Terapia - Lino Bertrand","robots":{"index":"index","follow":"follow","max-snippet":"max-snippet:-1","max-image-preview":"max-image-preview:large","max-video-preview":"max-video-preview:-1"},"canonical":"https:\/\/linobertrand.com.br\/atendimento\/terapia\/","og_locale":"pt_BR","og_type":"article","og_title":"Terapia - Lino Bertrand","og_description":"O nosso processo terap\u00eautico tem como base a psicologia anal\u00edtica de Carl Gustav Jung e pode ser elaborado de diversas formas. Aqui voc\u00ea poder\u00e1 escolher o seu processo entre Terapia Junguiana, An\u00e1lise de Sonhos, Arteterapia e algo muito especial, os atendimentos com o processo exclusivo Abundance Way. Com a terapia, ser\u00e1 poss\u00edvel aprofundar em si [&hellip;]","og_url":"https:\/\/linobertrand.com.br\/atendimento\/terapia\/","og_site_name":"Lino Bertrand","article_modified_time":"2022-01-20T11:25:29+00:00","og_image":[{"url":"https:\/\/linobertrand.com.br\/atendimento\/wp-content\/uploads\/2022\/01\/atendimento-presencial.webp","type":"","width":"","height":""}],"twitter_card":"summary_large_image","twitter_misc":{"Est. tempo de leitura":"2 minutos"},"schema":{"@context":"https:\/\/schema.org","@graph":[{"@type":"WebPage","@id":"https:\/\/linobertrand.com.br\/atendimento\/terapia\/","url":"https:\/\/linobertrand.com.br\/atendimento\/terapia\/","name":"Terapia - Lino Bertrand","isPartOf":{"@id":"https:\/\/linobertrand.com.br\/atendimento\/#website"},"primaryImageOfPage":{"@id":"https:\/\/linobertrand.com.br\/atendimento\/terapia\/#primaryimage"},"image":{"@id":"https:\/\/linobertrand.com.br\/atendimento\/terapia\/#primaryimage"},"thumbnailUrl":"https:\/\/linobertrand.com.br\/atendimento\/wp-content\/uploads\/2022\/01\/atendimento-presencial.webp","datePublished":"2022-01-05T18:12:26+00:00","dateModified":"2022-01-20T11:25:29+00:00","breadcrumb":{"@id":"https:\/\/linobertrand.com.br\/atendimento\/terapia\/#breadcrumb"},"inLanguage":"pt-BR","potentialAction":[{"@type":"ReadAction","target":["https:\/\/linobertrand.com.br\/atendimento\/terapia\/"]}]},{"@type":"ImageObject","inLanguage":"pt-BR","@id":"https:\/\/linobertrand.com.br\/atendimento\/terapia\/#primaryimage","url":"https:\/\/linobertrand.com.br\/atendimento\/wp-content\/uploads\/2022\/01\/atendimento-presencial.webp","contentUrl":"https:\/\/linobertrand.com.br\/atendimento\/wp-content\/uploads\/2022\/01\/atendimento-presencial.webp","width":168,"height":168},{"@type":"BreadcrumbList","@id":"https:\/\/linobertrand.com.br\/atendimento\/terapia\/#breadcrumb","itemListElement":[{"@type":"ListItem","position":1,"name":"Home","item":"https:\/\/linobertrand.com.br\/atendimento\/"},{"@type":"ListItem","position":2,"name":"Terapia"}]},{"@type":"WebSite","@id":"https:\/\/linobertrand.com.br\/atendimento\/#website","url":"https:\/\/linobertrand.com.br\/atendimento\/","name":"Lino Bertrand","description":"Atendimentos","publisher":{"@id":"https:\/\/linobertrand.com.br\/atendimento\/#organization"},"potentialAction":[{"@type":"SearchAction","target":{"@type":"EntryPoint","urlTemplate":"https:\/\/linobertrand.com.br\/atendimento\/?s={search_term_string}"},"query-input":{"@type":"PropertyValueSpecification","valueRequired":true,"valueName":"search_term_string"}}],"inLanguage":"pt-BR"},{"@type":"Organization","@id":"https:\/\/linobertrand.com.br\/atendimento\/#organization","name":"Lino Bertrand","url":"https:\/\/linobertrand.com.br\/atendimento\/","logo":{"@type":"ImageObject","inLanguage":"pt-BR","@id":"https:\/\/linobertrand.com.br\/atendimento\/#\/schema\/logo\/image\/","url":"https:\/\/linobertrand.com.br\/atendimento\/wp-content\/uploads\/2025\/12\/cropped-LOGO-LINO-1-1.webp","contentUrl":"https:\/\/linobertrand.com.br\/atendimento\/wp-content\/uploads\/2025\/12\/cropped-LOGO-LINO-1-1.webp","width":500,"height":500,"caption":"Lino Bertrand"},"image":{"@id":"https:\/\/linobertrand.com.br\/atendimento\/#\/schema\/logo\/image\/"}}]}},"_links":{"self":[{"href":"https:\/\/linobertrand.com.br\/atendimento\/wp-json\/wp\/v2\/pages\/2042","targetHints":{"allow":["GET"]}}],"collection":[{"href":"https:\/\/linobertrand.com.br\/atendimento\/wp-json\/wp\/v2\/pages"}],"about":[{"href":"https:\/\/linobertrand.com.br\/atendimento\/wp-json\/wp\/v2\/types\/page"}],"author":[{"embeddable":true,"href":"https:\/\/linobertrand.com.br\/atendimento\/wp-json\/wp\/v2\/users\/3"}],"replies":[{"embeddable":true,"href":"https:\/\/linobertrand.com.br\/atendimento\/wp-json\/wp\/v2\/comments?post=2042"}],"version-history":[{"count":6,"href":"https:\/\/linobertrand.com.br\/atendimento\/wp-json\/wp\/v2\/pages\/2042\/revisions"}],"predecessor-version":[{"id":2095,"href":"https:\/\/linobertrand.com.br\/atendimento\/wp-json\/wp\/v2\/pages\/2042\/revisions\/2095"}],"wp:attachment":[{"href":"https:\/\/linobertrand.com.br\/atendimento\/wp-json\/wp\/v2\/media?parent=2042"}],"curies":[{"name":"wp","href":"https:\/\/api.w.org\/{rel}","templated":true}]}}