{"id":2058,"date":"2022-01-05T15:46:31","date_gmt":"2022-01-05T18:46:31","guid":{"rendered":"https:\/\/linobertrand.com.br\/atendimento\/?page_id=2058"},"modified":"2022-01-05T16:22:14","modified_gmt":"2022-01-05T19:22:14","slug":"atendimento-presencial","status":"publish","type":"page","link":"https:\/\/linobertrand.com.br\/atendimento\/atendimento-presencial\/","title":{"rendered":"Atendimento Presencial"},"content":{"rendered":"<p class=\"font_7\">Voc\u00ea poder\u00e1 marcar sua consulta com o Astr\u00f3logo, Tar\u00f3logo, Mentor e Terapeuta Lino Bertrand, professor e coordenador de cursos e eventos do <a href=\"https:\/\/www.jungnapratica.com.br\/\">Jung na Pr\u00e1tica.<\/a><\/p>\n<p class=\"font_7\">Numa consulta com dura\u00e7\u00e3o aproximada de 90 minutos ser\u00e3o dadas informa\u00e7\u00f5es importantes para seu desenvolvimento pessoal e orienta\u00e7\u00f5es para utilizar da maneira mais adequada as suas tend\u00eancias e potencialidades.<\/p>\n<p><img decoding=\"async\" class=\"size-full wp-image-2051 alignleft\" src=\"https:\/\/linobertrand.com.br\/atendimento\/wp-content\/uploads\/2022\/01\/atendimento-presencial.webp\" alt=\"\" width=\"168\" height=\"168\" srcset=\"https:\/\/linobertrand.com.br\/atendimento\/wp-content\/uploads\/2022\/01\/atendimento-presencial.webp 168w, https:\/\/linobertrand.com.br\/atendimento\/wp-content\/uploads\/2022\/01\/atendimento-presencial-150x150.webp 150w\" sizes=\"(max-width: 168px) 100vw, 168px\" \/><\/p>\n<p class=\"font_7\"><strong>ATENDIMENTO PRESENCIAL<\/strong><\/p>\n<p class=\"font_7\">A consulta \u00e9 realizada sempre com hora marcada, com dura\u00e7\u00e3o aproximada de <strong>90 minutos<\/strong>, realizada em Piracicaba, Campinas e em S\u00e3o Paulo. Voc\u00ea ter\u00e1 seu atendimento com o astr\u00f3logo gravado em \u00e1udio e receber\u00e1 o arquivo da grava\u00e7\u00e3o em seu email e seu mapa astrol\u00f3gico impresso calculado pelo software Pegasus Photon. Envie uma mensagem para o <strong>Whatsapp +55 19 997710717<\/strong> e marque sua consulta.<\/p>\n<p><strong>MARQUE SUA CONSULTA PRESENCIAL OU ONLINE<\/strong><br \/>\nWhatsapp.: +55 19 997710717<\/p>\n<div id=\"comp-k396orzm\" class=\"_1Q9if\" data-testid=\"richTextElement\">\n<p class=\"font_7\">Oferecemos atendimentos em Astrologia, Tarot, Mentoria e Terapia presencial ou online, o que facilita o atendimento em qualquer lugar onde o cliente tenha acesso a um computador ou celular, de casa, do escrit\u00f3rio ou de onde desejar.<\/p>\n<p class=\"font_7\"><span class=\"wixGuard\">\u200b<\/span>Os atendimentos presenciais s\u00e3o realizados <b>em Piracicaba, Campinas ou S\u00e3o Paulo com dia e hor\u00e1rio marcados.<\/b><\/p>\n<p class=\"font_7\"><strong>O pagamento \u00e9 feito online pelo sistema <span class=\"color_21\">PagSeguro<\/span>:<\/strong> Aceita boleto, cart\u00f5es de cr\u00e9dito e transfer\u00eancia banc\u00e1ria com as op\u00e7\u00f5es abaixo. Caso voc\u00ea esteja fora do Brasil o pagamento poder\u00e1 ser feito pelo\u00a0<strong><span class=\"color_21\">PayPal.<\/span><\/strong><\/p>\n<\/div>\n<div id=\"comp-kgc9m14j\" class=\"_1sGit\">\n<div class=\"\" data-mesh-id=\"comp-kgc9m14jinlineContent\" data-testid=\"inline-content\">\n<div data-mesh-id=\"comp-kgc9m14jinlineContent-gridContainer\" data-testid=\"mesh-container-content\">\n<div id=\"comp-kht1y68p\" class=\"XUUsC _2S73V\" title=\"\"><span style=\"font-size: 16px;\">Caso prefira atendimento online, entre em contato pelo whatsapp e marque seu hor\u00e1rio.<\/span><\/div>\n<div title=\"\"><\/div>\n<\/div>\n<\/div>\n<\/div>\n<p><strong>MARQUE SUA CONSULTA PRESENCIAL OU ONLINE<\/strong><br \/>\nWhatsapp.: +55 19 997710717<\/p>\n<p>Voc\u00ea tamb\u00e9m poder\u00e1 realizar atendimentos atrav\u00e9s de outras t\u00e9cnicas e artes divinat\u00f3rias, <a href=\"https:\/\/linobertrand.com.br\/atendimento\/atendimentos\/\">veja mais aqui!<\/a><\/p>\n","protected":false},"excerpt":{"rendered":"<p>Voc\u00ea poder\u00e1 marcar sua consulta com o Astr\u00f3logo, Tar\u00f3logo, Mentor e Terapeuta Lino Bertrand, professor e coordenador de cursos e eventos do Jung na Pr\u00e1tica. Numa consulta com dura\u00e7\u00e3o aproximada de 90 minutos ser\u00e3o dadas informa\u00e7\u00f5es importantes para seu desenvolvimento pessoal e orienta\u00e7\u00f5es para utilizar da maneira mais adequada as suas tend\u00eancias e potencialidades. ATENDIMENTO [&hellip;]<\/p>\n","protected":false},"author":3,"featured_media":0,"parent":0,"menu_order":0,"comment_status":"closed","ping_status":"closed","template":"","meta":{"site-sidebar-layout":"default","site-content-layout":"default","ast-site-content-layout":"default","site-content-style":"default","site-sidebar-style":"default","ast-global-header-display":"","ast-banner-title-visibility":"","ast-main-header-display":"","ast-hfb-above-header-display":"","ast-hfb-below-header-display":"","ast-hfb-mobile-header-display":"","site-post-title":"","ast-breadcrumbs-content":"","ast-featured-img":"","footer-sml-layout":"","ast-disable-related-posts":"","theme-transparent-header-meta":"","adv-header-id-meta":"","stick-header-meta":"","header-above-stick-meta":"","header-main-stick-meta":"","header-below-stick-meta":"","astra-migrate-meta-layouts":"default","ast-page-background-enabled":"default","ast-page-background-meta":{"desktop":{"background-color":"","background-image":"","background-repeat":"repeat","background-position":"center center","background-size":"auto","background-attachment":"scroll","background-type":"","background-media":"","overlay-type":"","overlay-color":"","overlay-opacity":"","overlay-gradient":""},"tablet":{"background-color":"","background-image":"","background-repeat":"repeat","background-position":"center center","background-size":"auto","background-attachment":"scroll","background-type":"","background-media":"","overlay-type":"","overlay-color":"","overlay-opacity":"","overlay-gradient":""},"mobile":{"background-color":"","background-image":"","background-repeat":"repeat","background-position":"center center","background-size":"auto","background-attachment":"scroll","background-type":"","background-media":"","overlay-type":"","overlay-color":"","overlay-opacity":"","overlay-gradient":""}},"ast-content-background-meta":{"desktop":{"background-color":"var(--ast-global-color-5)","background-image":"","background-repeat":"repeat","background-position":"center center","background-size":"auto","background-attachment":"scroll","background-type":"","background-media":"","overlay-type":"","overlay-color":"","overlay-opacity":"","overlay-gradient":""},"tablet":{"background-color":"var(--ast-global-color-5)","background-image":"","background-repeat":"repeat","background-position":"center center","background-size":"auto","background-attachment":"scroll","background-type":"","background-media":"","overlay-type":"","overlay-color":"","overlay-opacity":"","overlay-gradient":""},"mobile":{"background-color":"var(--ast-global-color-5)","background-image":"","background-repeat":"repeat","background-position":"center center","background-size":"auto","background-attachment":"scroll","background-type":"","background-media":"","overlay-type":"","overlay-color":"","overlay-opacity":"","overlay-gradient":""}},"_joinchat":[],"footnotes":""},"class_list":["post-2058","page","type-page","status-publish","hentry"],"yoast_head":"<!-- This site is optimized with the Yoast SEO plugin v27.1.1 - https:\/\/yoast.com\/product\/yoast-seo-wordpress\/ -->\n<title>Atendimento Presencial - Lino Bertrand<\/title>\n<meta name=\"robots\" content=\"index, follow, max-snippet:-1, max-image-preview:large, max-video-preview:-1\" \/>\n<link rel=\"canonical\" href=\"https:\/\/linobertrand.com.br\/atendimento\/atendimento-presencial\/\" \/>\n<meta property=\"og:locale\" content=\"pt_BR\" \/>\n<meta property=\"og:type\" content=\"article\" \/>\n<meta property=\"og:title\" content=\"Atendimento Presencial - Lino Bertrand\" \/>\n<meta property=\"og:description\" content=\"Voc\u00ea poder\u00e1 marcar sua consulta com o Astr\u00f3logo, Tar\u00f3logo, Mentor e Terapeuta Lino Bertrand, professor e coordenador de cursos e eventos do Jung na Pr\u00e1tica. Numa consulta com dura\u00e7\u00e3o aproximada de 90 minutos ser\u00e3o dadas informa\u00e7\u00f5es importantes para seu desenvolvimento pessoal e orienta\u00e7\u00f5es para utilizar da maneira mais adequada as suas tend\u00eancias e potencialidades. ATENDIMENTO [&hellip;]\" \/>\n<meta property=\"og:url\" content=\"https:\/\/linobertrand.com.br\/atendimento\/atendimento-presencial\/\" \/>\n<meta property=\"og:site_name\" content=\"Lino Bertrand\" \/>\n<meta property=\"article:modified_time\" content=\"2022-01-05T19:22:14+00:00\" \/>\n<meta property=\"og:image\" content=\"https:\/\/linobertrand.com.br\/atendimento\/wp-content\/uploads\/2022\/01\/atendimento-presencial.webp\" \/>\n<meta name=\"twitter:card\" content=\"summary_large_image\" \/>\n<meta name=\"twitter:label1\" content=\"Est. tempo de leitura\" \/>\n\t<meta name=\"twitter:data1\" content=\"2 minutos\" \/>\n<script type=\"application\/ld+json\" class=\"yoast-schema-graph\">{\"@context\":\"https:\/\/schema.org\",\"@graph\":[{\"@type\":\"WebPage\",\"@id\":\"https:\/\/linobertrand.com.br\/atendimento\/atendimento-presencial\/\",\"url\":\"https:\/\/linobertrand.com.br\/atendimento\/atendimento-presencial\/\",\"name\":\"Atendimento Presencial - Lino Bertrand\",\"isPartOf\":{\"@id\":\"https:\/\/linobertrand.com.br\/atendimento\/#website\"},\"primaryImageOfPage\":{\"@id\":\"https:\/\/linobertrand.com.br\/atendimento\/atendimento-presencial\/#primaryimage\"},\"image\":{\"@id\":\"https:\/\/linobertrand.com.br\/atendimento\/atendimento-presencial\/#primaryimage\"},\"thumbnailUrl\":\"https:\/\/linobertrand.com.br\/atendimento\/wp-content\/uploads\/2022\/01\/atendimento-presencial.webp\",\"datePublished\":\"2022-01-05T18:46:31+00:00\",\"dateModified\":\"2022-01-05T19:22:14+00:00\",\"breadcrumb\":{\"@id\":\"https:\/\/linobertrand.com.br\/atendimento\/atendimento-presencial\/#breadcrumb\"},\"inLanguage\":\"pt-BR\",\"potentialAction\":[{\"@type\":\"ReadAction\",\"target\":[\"https:\/\/linobertrand.com.br\/atendimento\/atendimento-presencial\/\"]}]},{\"@type\":\"ImageObject\",\"inLanguage\":\"pt-BR\",\"@id\":\"https:\/\/linobertrand.com.br\/atendimento\/atendimento-presencial\/#primaryimage\",\"url\":\"https:\/\/linobertrand.com.br\/atendimento\/wp-content\/uploads\/2022\/01\/atendimento-presencial.webp\",\"contentUrl\":\"https:\/\/linobertrand.com.br\/atendimento\/wp-content\/uploads\/2022\/01\/atendimento-presencial.webp\",\"width\":168,\"height\":168},{\"@type\":\"BreadcrumbList\",\"@id\":\"https:\/\/linobertrand.com.br\/atendimento\/atendimento-presencial\/#breadcrumb\",\"itemListElement\":[{\"@type\":\"ListItem\",\"position\":1,\"name\":\"Home\",\"item\":\"https:\/\/linobertrand.com.br\/atendimento\/\"},{\"@type\":\"ListItem\",\"position\":2,\"name\":\"Atendimento Presencial\"}]},{\"@type\":\"WebSite\",\"@id\":\"https:\/\/linobertrand.com.br\/atendimento\/#website\",\"url\":\"https:\/\/linobertrand.com.br\/atendimento\/\",\"name\":\"Lino Bertrand\",\"description\":\"Atendimentos\",\"publisher\":{\"@id\":\"https:\/\/linobertrand.com.br\/atendimento\/#organization\"},\"potentialAction\":[{\"@type\":\"SearchAction\",\"target\":{\"@type\":\"EntryPoint\",\"urlTemplate\":\"https:\/\/linobertrand.com.br\/atendimento\/?s={search_term_string}\"},\"query-input\":{\"@type\":\"PropertyValueSpecification\",\"valueRequired\":true,\"valueName\":\"search_term_string\"}}],\"inLanguage\":\"pt-BR\"},{\"@type\":\"Organization\",\"@id\":\"https:\/\/linobertrand.com.br\/atendimento\/#organization\",\"name\":\"Lino Bertrand\",\"url\":\"https:\/\/linobertrand.com.br\/atendimento\/\",\"logo\":{\"@type\":\"ImageObject\",\"inLanguage\":\"pt-BR\",\"@id\":\"https:\/\/linobertrand.com.br\/atendimento\/#\/schema\/logo\/image\/\",\"url\":\"https:\/\/linobertrand.com.br\/atendimento\/wp-content\/uploads\/2025\/12\/cropped-LOGO-LINO-1-1.webp\",\"contentUrl\":\"https:\/\/linobertrand.com.br\/atendimento\/wp-content\/uploads\/2025\/12\/cropped-LOGO-LINO-1-1.webp\",\"width\":500,\"height\":500,\"caption\":\"Lino Bertrand\"},\"image\":{\"@id\":\"https:\/\/linobertrand.com.br\/atendimento\/#\/schema\/logo\/image\/\"}}]}<\/script>\n<!-- \/ Yoast SEO plugin. -->","yoast_head_json":{"title":"Atendimento Presencial - Lino Bertrand","robots":{"index":"index","follow":"follow","max-snippet":"max-snippet:-1","max-image-preview":"max-image-preview:large","max-video-preview":"max-video-preview:-1"},"canonical":"https:\/\/linobertrand.com.br\/atendimento\/atendimento-presencial\/","og_locale":"pt_BR","og_type":"article","og_title":"Atendimento Presencial - Lino Bertrand","og_description":"Voc\u00ea poder\u00e1 marcar sua consulta com o Astr\u00f3logo, Tar\u00f3logo, Mentor e Terapeuta Lino Bertrand, professor e coordenador de cursos e eventos do Jung na Pr\u00e1tica. Numa consulta com dura\u00e7\u00e3o aproximada de 90 minutos ser\u00e3o dadas informa\u00e7\u00f5es importantes para seu desenvolvimento pessoal e orienta\u00e7\u00f5es para utilizar da maneira mais adequada as suas tend\u00eancias e potencialidades. ATENDIMENTO [&hellip;]","og_url":"https:\/\/linobertrand.com.br\/atendimento\/atendimento-presencial\/","og_site_name":"Lino Bertrand","article_modified_time":"2022-01-05T19:22:14+00:00","og_image":[{"url":"https:\/\/linobertrand.com.br\/atendimento\/wp-content\/uploads\/2022\/01\/atendimento-presencial.webp","type":"","width":"","height":""}],"twitter_card":"summary_large_image","twitter_misc":{"Est. tempo de leitura":"2 minutos"},"schema":{"@context":"https:\/\/schema.org","@graph":[{"@type":"WebPage","@id":"https:\/\/linobertrand.com.br\/atendimento\/atendimento-presencial\/","url":"https:\/\/linobertrand.com.br\/atendimento\/atendimento-presencial\/","name":"Atendimento Presencial - Lino Bertrand","isPartOf":{"@id":"https:\/\/linobertrand.com.br\/atendimento\/#website"},"primaryImageOfPage":{"@id":"https:\/\/linobertrand.com.br\/atendimento\/atendimento-presencial\/#primaryimage"},"image":{"@id":"https:\/\/linobertrand.com.br\/atendimento\/atendimento-presencial\/#primaryimage"},"thumbnailUrl":"https:\/\/linobertrand.com.br\/atendimento\/wp-content\/uploads\/2022\/01\/atendimento-presencial.webp","datePublished":"2022-01-05T18:46:31+00:00","dateModified":"2022-01-05T19:22:14+00:00","breadcrumb":{"@id":"https:\/\/linobertrand.com.br\/atendimento\/atendimento-presencial\/#breadcrumb"},"inLanguage":"pt-BR","potentialAction":[{"@type":"ReadAction","target":["https:\/\/linobertrand.com.br\/atendimento\/atendimento-presencial\/"]}]},{"@type":"ImageObject","inLanguage":"pt-BR","@id":"https:\/\/linobertrand.com.br\/atendimento\/atendimento-presencial\/#primaryimage","url":"https:\/\/linobertrand.com.br\/atendimento\/wp-content\/uploads\/2022\/01\/atendimento-presencial.webp","contentUrl":"https:\/\/linobertrand.com.br\/atendimento\/wp-content\/uploads\/2022\/01\/atendimento-presencial.webp","width":168,"height":168},{"@type":"BreadcrumbList","@id":"https:\/\/linobertrand.com.br\/atendimento\/atendimento-presencial\/#breadcrumb","itemListElement":[{"@type":"ListItem","position":1,"name":"Home","item":"https:\/\/linobertrand.com.br\/atendimento\/"},{"@type":"ListItem","position":2,"name":"Atendimento Presencial"}]},{"@type":"WebSite","@id":"https:\/\/linobertrand.com.br\/atendimento\/#website","url":"https:\/\/linobertrand.com.br\/atendimento\/","name":"Lino Bertrand","description":"Atendimentos","publisher":{"@id":"https:\/\/linobertrand.com.br\/atendimento\/#organization"},"potentialAction":[{"@type":"SearchAction","target":{"@type":"EntryPoint","urlTemplate":"https:\/\/linobertrand.com.br\/atendimento\/?s={search_term_string}"},"query-input":{"@type":"PropertyValueSpecification","valueRequired":true,"valueName":"search_term_string"}}],"inLanguage":"pt-BR"},{"@type":"Organization","@id":"https:\/\/linobertrand.com.br\/atendimento\/#organization","name":"Lino Bertrand","url":"https:\/\/linobertrand.com.br\/atendimento\/","logo":{"@type":"ImageObject","inLanguage":"pt-BR","@id":"https:\/\/linobertrand.com.br\/atendimento\/#\/schema\/logo\/image\/","url":"https:\/\/linobertrand.com.br\/atendimento\/wp-content\/uploads\/2025\/12\/cropped-LOGO-LINO-1-1.webp","contentUrl":"https:\/\/linobertrand.com.br\/atendimento\/wp-content\/uploads\/2025\/12\/cropped-LOGO-LINO-1-1.webp","width":500,"height":500,"caption":"Lino Bertrand"},"image":{"@id":"https:\/\/linobertrand.com.br\/atendimento\/#\/schema\/logo\/image\/"}}]}},"_links":{"self":[{"href":"https:\/\/linobertrand.com.br\/atendimento\/wp-json\/wp\/v2\/pages\/2058","targetHints":{"allow":["GET"]}}],"collection":[{"href":"https:\/\/linobertrand.com.br\/atendimento\/wp-json\/wp\/v2\/pages"}],"about":[{"href":"https:\/\/linobertrand.com.br\/atendimento\/wp-json\/wp\/v2\/types\/page"}],"author":[{"embeddable":true,"href":"https:\/\/linobertrand.com.br\/atendimento\/wp-json\/wp\/v2\/users\/3"}],"replies":[{"embeddable":true,"href":"https:\/\/linobertrand.com.br\/atendimento\/wp-json\/wp\/v2\/comments?post=2058"}],"version-history":[{"count":7,"href":"https:\/\/linobertrand.com.br\/atendimento\/wp-json\/wp\/v2\/pages\/2058\/revisions"}],"predecessor-version":[{"id":2078,"href":"https:\/\/linobertrand.com.br\/atendimento\/wp-json\/wp\/v2\/pages\/2058\/revisions\/2078"}],"wp:attachment":[{"href":"https:\/\/linobertrand.com.br\/atendimento\/wp-json\/wp\/v2\/media?parent=2058"}],"curies":[{"name":"wp","href":"https:\/\/api.w.org\/{rel}","templated":true}]}}